{"id":9202,"date":"2023-12-12T11:20:17","date_gmt":"2023-12-12T10:20:17","guid":{"rendered":"https:\/\/p-tmpbg8.project.space\/?page_id=9202"},"modified":"2026-01-30T16:12:03","modified_gmt":"2026-01-30T15:12:03","slug":"make-an-appointment","status":"publish","type":"page","link":"https:\/\/www.suschko.de\/en\/make-an-appointment\/","title":{"rendered":"Make an Appointment"},"content":{"rendered":"\t\t<div data-elementor-type=\"wp-page\" data-elementor-id=\"9202\" class=\"elementor elementor-9202 elementor-9120\" data-elementor-post-type=\"page\">\n\t\t\t\t<div class=\"elementor-element elementor-element-7e24625 title e-flex e-con-boxed e-con e-parent\" data-id=\"7e24625\" data-element_type=\"container\" data-e-type=\"container\">\n\t\t\t\t\t<div class=\"e-con-inner\">\n\t\t\t\t<div class=\"elementor-element elementor-element-0e15bdb elementor-widget elementor-widget-heading\" data-id=\"0e15bdb\" data-element_type=\"widget\" data-e-type=\"widget\" data-widget_type=\"heading.default\">\n\t\t\t\t<div class=\"elementor-widget-container\">\n\t\t\t\t\t<h1 class=\"elementor-heading-title elementor-size-default\">Jetzt einen Termin vereinbaren!<\/h1>\t\t\t\t<\/div>\n\t\t\t\t<\/div>\n\t\t\t\t\t<\/div>\n\t\t\t\t<\/div>\n\t\t<div class=\"elementor-element elementor-element-95b4fe6 e-flex e-con-boxed e-con e-parent\" data-id=\"95b4fe6\" data-element_type=\"container\" data-e-type=\"container\">\n\t\t\t\t\t<div class=\"e-con-inner\">\n\t\t<div class=\"elementor-element elementor-element-c7ca358 e-flex e-con-boxed e-con e-child\" data-id=\"c7ca358\" data-element_type=\"container\" data-e-type=\"container\">\n\t\t\t\t\t<div class=\"e-con-inner\">\n\t\t\t\t<div class=\"elementor-element elementor-element-e87a891 elementor-widget elementor-widget-text-editor\" data-id=\"e87a891\" data-element_type=\"widget\" data-e-type=\"widget\" data-widget_type=\"text-editor.default\">\n\t\t\t\t<div class=\"elementor-widget-container\">\n\t\t\t\t\t\t\t\t\t<p><strong>Filiale Berg am Starnberger See<\/strong><\/p>\n\t\t\t\t\t\t\t\t<\/div>\n\t\t\t\t<\/div>\n\t\t\t\t<div class=\"elementor-element elementor-element-25fd531 elementor-align-right elementor-mobile-align-center elementor-widget elementor-widget-button\" data-id=\"25fd531\" data-element_type=\"widget\" data-e-type=\"widget\" data-widget_type=\"button.default\">\n\t\t\t\t<div class=\"elementor-widget-container\">\n\t\t\t\t\t\t\t\t\t<div class=\"elementor-button-wrapper\">\n\t\t\t\t\t<a class=\"elementor-button elementor-button-link elementor-size-md\" href=\"https:\/\/www.suschko.de\/terminvereinbarung-berg\/\" target=\"_blank\">\n\t\t\t\t\t\t<span class=\"elementor-button-content-wrapper\">\n\t\t\t\t\t\t\t\t\t<span class=\"elementor-button-text\">Termin vereinbaren<\/span>\n\t\t\t\t\t<\/span>\n\t\t\t\t\t<\/a>\n\t\t\t\t<\/div>\n\t\t\t\t\t\t\t\t<\/div>\n\t\t\t\t<\/div>\n\t\t\t\t\t<\/div>\n\t\t\t\t<\/div>\n\t\t<div class=\"elementor-element elementor-element-933ba71 e-flex e-con-boxed e-con e-child\" data-id=\"933ba71\" data-element_type=\"container\" data-e-type=\"container\">\n\t\t\t\t\t<div class=\"e-con-inner\">\n\t\t\t\t<div class=\"elementor-element elementor-element-5807f58 elementor-widget elementor-widget-text-editor\" data-id=\"5807f58\" data-element_type=\"widget\" data-e-type=\"widget\" data-widget_type=\"text-editor.default\">\n\t\t\t\t<div class=\"elementor-widget-container\">\n\t\t\t\t\t\t\t\t\t<p><strong>Filiale Bogenhausen \/ Denning<\/strong><\/p>\n\t\t\t\t\t\t\t\t<\/div>\n\t\t\t\t<\/div>\n\t\t\t\t<div class=\"elementor-element elementor-element-f60ddea elementor-align-right elementor-mobile-align-center elementor-widget elementor-widget-button\" data-id=\"f60ddea\" data-element_type=\"widget\" data-e-type=\"widget\" data-widget_type=\"button.default\">\n\t\t\t\t<div class=\"elementor-widget-container\">\n\t\t\t\t\t\t\t\t\t<div class=\"elementor-button-wrapper\">\n\t\t\t\t\t<a class=\"elementor-button elementor-button-link elementor-size-md\" href=\"https:\/\/www.suschko.de\/terminvereinbarung-bogenhausen\/\" target=\"_blank\">\n\t\t\t\t\t\t<span class=\"elementor-button-content-wrapper\">\n\t\t\t\t\t\t\t\t\t<span class=\"elementor-button-text\">Termin vereinbaren<\/span>\n\t\t\t\t\t<\/span>\n\t\t\t\t\t<\/a>\n\t\t\t\t<\/div>\n\t\t\t\t\t\t\t\t<\/div>\n\t\t\t\t<\/div>\n\t\t\t\t\t<\/div>\n\t\t\t\t<\/div>\n\t\t<div class=\"elementor-element elementor-element-7fff466 e-flex e-con-boxed e-con e-child\" data-id=\"7fff466\" data-element_type=\"container\" data-e-type=\"container\">\n\t\t\t\t\t<div class=\"e-con-inner\">\n\t\t\t\t<div class=\"elementor-element elementor-element-89b42e3 elementor-widget elementor-widget-text-editor\" data-id=\"89b42e3\" data-element_type=\"widget\" data-e-type=\"widget\" data-widget_type=\"text-editor.default\">\n\t\t\t\t<div class=\"elementor-widget-container\">\n\t\t\t\t\t\t\t\t\t<p><strong>Filiale Trudering<\/strong><\/p>\n\t\t\t\t\t\t\t\t<\/div>\n\t\t\t\t<\/div>\n\t\t\t\t<div class=\"elementor-element elementor-element-a8702bc elementor-align-right elementor-mobile-align-center elementor-widget elementor-widget-button\" data-id=\"a8702bc\" data-element_type=\"widget\" data-e-type=\"widget\" data-widget_type=\"button.default\">\n\t\t\t\t<div class=\"elementor-widget-container\">\n\t\t\t\t\t\t\t\t\t<div class=\"elementor-button-wrapper\">\n\t\t\t\t\t<a class=\"elementor-button elementor-button-link elementor-size-md\" href=\"https:\/\/www.suschko.de\/terminvereinbarung-trudering\/\" target=\"_blank\">\n\t\t\t\t\t\t<span class=\"elementor-button-content-wrapper\">\n\t\t\t\t\t\t\t\t\t<span class=\"elementor-button-text\">Termin vereinbaren<\/span>\n\t\t\t\t\t<\/span>\n\t\t\t\t\t<\/a>\n\t\t\t\t<\/div>\n\t\t\t\t\t\t\t\t<\/div>\n\t\t\t\t<\/div>\n\t\t\t\t\t<\/div>\n\t\t\t\t<\/div>\n\t\t<div class=\"elementor-element elementor-element-db121e0 e-flex e-con-boxed e-con e-child\" data-id=\"db121e0\" data-element_type=\"container\" data-e-type=\"container\">\n\t\t\t\t\t<div class=\"e-con-inner\">\n\t\t\t\t<div class=\"elementor-element elementor-element-ed75d27 elementor-widget elementor-widget-text-editor\" data-id=\"ed75d27\" data-element_type=\"widget\" data-e-type=\"widget\" data-widget_type=\"text-editor.default\">\n\t\t\t\t<div class=\"elementor-widget-container\">\n\t\t\t\t\t\t\t\t\t<p><strong>Filiale Kirchheim<\/strong><\/p>\n\t\t\t\t\t\t\t\t<\/div>\n\t\t\t\t<\/div>\n\t\t\t\t<div class=\"elementor-element elementor-element-0eb3b9d elementor-align-right elementor-mobile-align-center elementor-widget elementor-widget-button\" data-id=\"0eb3b9d\" data-element_type=\"widget\" data-e-type=\"widget\" data-widget_type=\"button.default\">\n\t\t\t\t<div class=\"elementor-widget-container\">\n\t\t\t\t\t\t\t\t\t<div class=\"elementor-button-wrapper\">\n\t\t\t\t\t<a class=\"elementor-button elementor-button-link elementor-size-md\" href=\"https:\/\/www.suschko.de\/terminvereinbarung-kirchheim\/\" target=\"_blank\">\n\t\t\t\t\t\t<span class=\"elementor-button-content-wrapper\">\n\t\t\t\t\t\t\t\t\t<span class=\"elementor-button-text\">Termin vereinbaren<\/span>\n\t\t\t\t\t<\/span>\n\t\t\t\t\t<\/a>\n\t\t\t\t<\/div>\n\t\t\t\t\t\t\t\t<\/div>\n\t\t\t\t<\/div>\n\t\t\t\t\t<\/div>\n\t\t\t\t<\/div>\n\t\t<div class=\"elementor-element elementor-element-0e19cb5 e-flex e-con-boxed e-con e-child\" data-id=\"0e19cb5\" data-element_type=\"container\" data-e-type=\"container\">\n\t\t\t\t\t<div class=\"e-con-inner\">\n\t\t\t\t<div class=\"elementor-element elementor-element-62b793f elementor-widget elementor-widget-text-editor\" data-id=\"62b793f\" data-element_type=\"widget\" data-e-type=\"widget\" data-widget_type=\"text-editor.default\">\n\t\t\t\t<div class=\"elementor-widget-container\">\n\t\t\t\t\t\t\t\t\t<p><strong>Filiale Haar<\/strong><\/p>\n\t\t\t\t\t\t\t\t<\/div>\n\t\t\t\t<\/div>\n\t\t\t\t<div class=\"elementor-element elementor-element-5e38656 elementor-align-right elementor-mobile-align-center elementor-widget elementor-widget-button\" data-id=\"5e38656\" data-element_type=\"widget\" data-e-type=\"widget\" data-widget_type=\"button.default\">\n\t\t\t\t<div class=\"elementor-widget-container\">\n\t\t\t\t\t\t\t\t\t<div class=\"elementor-button-wrapper\">\n\t\t\t\t\t<a class=\"elementor-button elementor-button-link elementor-size-md\" href=\"https:\/\/www.suschko.de\/terminvereinbarung-haar\/\" target=\"_blank\">\n\t\t\t\t\t\t<span class=\"elementor-button-content-wrapper\">\n\t\t\t\t\t\t\t\t\t<span class=\"elementor-button-text\">Termin vereinbaren<\/span>\n\t\t\t\t\t<\/span>\n\t\t\t\t\t<\/a>\n\t\t\t\t<\/div>\n\t\t\t\t\t\t\t\t<\/div>\n\t\t\t\t<\/div>\n\t\t\t\t\t<\/div>\n\t\t\t\t<\/div>\n\t\t\t\t\t<\/div>\n\t\t\t\t<\/div>\n\t\t<div class=\"elementor-element elementor-element-b2cd06a e-flex e-con-boxed e-con e-parent\" data-id=\"b2cd06a\" data-element_type=\"container\" data-e-type=\"container\">\n\t\t\t\t\t<div class=\"e-con-inner\">\n\t\t\t\t<div class=\"elementor-element elementor-element-5ea435f elementor-widget elementor-widget-heading\" data-id=\"5ea435f\" data-element_type=\"widget\" data-e-type=\"widget\" data-widget_type=\"heading.default\">\n\t\t\t\t<div class=\"elementor-widget-container\">\n\t\t\t\t\t<h2 class=\"elementor-heading-title elementor-size-default\">Starten Sie mit einem kostenlosen H\u00f6rtest<\/h2>\t\t\t\t<\/div>\n\t\t\t\t<\/div>\n\t\t\t\t<div class=\"elementor-element elementor-element-ddcd49e elementor-widget elementor-widget-text-editor\" data-id=\"ddcd49e\" data-element_type=\"widget\" data-e-type=\"widget\" data-widget_type=\"text-editor.default\">\n\t\t\t\t<div class=\"elementor-widget-container\">\n\t\t\t\t\t\t\t\t\t<p>Wir pr\u00e4sentieren innovative, diskrete und unsichtbare L\u00f6sungen, denn gutes H\u00f6ren kann nicht nur funktional, sondern auch \u00e4sthetisch ansprechend sein. Jedes Geh\u00f6r ist so einzigartig wie ein Fingerabdruck, daher nehmen wir uns die Zeit, ein umfassendes H\u00f6rprofil speziell f\u00fcr Sie zu erstellen und Sie im weiteren Prozess umfangreich zu betreuen.<\/p>\n<p>Vereinbaren Sie daher einen Termin zu einem kostenlosen H\u00f6rtest in einer unserer f\u00fcnf Filialen!<\/p>\n\t\t\t\t\t\t\t\t<\/div>\n\t\t\t\t<\/div>\n\t\t\t\t\t<\/div>\n\t\t\t\t<\/div>\n\t\t\t\t<\/div>\n\t\t","protected":false},"excerpt":{"rendered":"<p>Jetzt einen Termin vereinbaren! Filiale Berg am Starnberger See Termin vereinbaren Filiale Bogenhausen \/ Denning [&hellip;]<\/p>\n","protected":false},"author":1,"featured_media":0,"parent":0,"menu_order":21,"comment_status":"closed","ping_status":"closed","template":"","meta":{"footnotes":""},"class_list":["post-9202","page","type-page","status-publish","hentry"],"yoast_head":"<!-- This site is optimized with the Yoast SEO plugin v27.4 - https:\/\/yoast.com\/product\/yoast-seo-wordpress\/ -->\n<title>Make an Appointment | Suschko H\u00f6rger\u00e4te<\/title>\n<meta name=\"robots\" content=\"noindex, nofollow\" \/>\n<meta property=\"og:locale\" content=\"en_US\" \/>\n<meta property=\"og:type\" content=\"article\" \/>\n<meta property=\"og:title\" content=\"Make an Appointment | Suschko H\u00f6rger\u00e4te\" \/>\n<meta property=\"og:description\" content=\"Jetzt einen Termin vereinbaren! Filiale Berg am Starnberger See Termin vereinbaren Filiale Bogenhausen \/ Denning [&hellip;]\" \/>\n<meta property=\"og:url\" content=\"https:\/\/www.suschko.de\/en\/make-an-appointment\/\" \/>\n<meta property=\"og:site_name\" content=\"Suschko H\u00f6rger\u00e4te\" \/>\n<meta property=\"article:modified_time\" content=\"2026-01-30T15:12:03+00:00\" \/>\n<meta name=\"twitter:card\" content=\"summary_large_image\" \/>\n<meta name=\"twitter:label1\" content=\"Est. reading time\" \/>\n\t<meta name=\"twitter:data1\" content=\"1 minute\" \/>\n<script type=\"application\/ld+json\" class=\"yoast-schema-graph\">{\"@context\":\"https:\\\/\\\/schema.org\",\"@graph\":[{\"@type\":\"WebPage\",\"@id\":\"https:\\\/\\\/www.suschko.de\\\/en\\\/make-an-appointment\\\/\",\"url\":\"https:\\\/\\\/www.suschko.de\\\/en\\\/make-an-appointment\\\/\",\"name\":\"Make an Appointment | Suschko H\u00f6rger\u00e4te\",\"isPartOf\":{\"@id\":\"https:\\\/\\\/www.suschko.de\\\/en\\\/#website\"},\"datePublished\":\"2023-12-12T10:20:17+00:00\",\"dateModified\":\"2026-01-30T15:12:03+00:00\",\"breadcrumb\":{\"@id\":\"https:\\\/\\\/www.suschko.de\\\/en\\\/make-an-appointment\\\/#breadcrumb\"},\"inLanguage\":\"en-US\",\"potentialAction\":[{\"@type\":\"ReadAction\",\"target\":[\"https:\\\/\\\/www.suschko.de\\\/en\\\/make-an-appointment\\\/\"]}]},{\"@type\":\"BreadcrumbList\",\"@id\":\"https:\\\/\\\/www.suschko.de\\\/en\\\/make-an-appointment\\\/#breadcrumb\",\"itemListElement\":[{\"@type\":\"ListItem\",\"position\":1,\"name\":\"Startseite\",\"item\":\"https:\\\/\\\/www.suschko.de\\\/en\\\/\"},{\"@type\":\"ListItem\",\"position\":2,\"name\":\"Make an Appointment\"}]},{\"@type\":\"WebSite\",\"@id\":\"https:\\\/\\\/www.suschko.de\\\/en\\\/#website\",\"url\":\"https:\\\/\\\/www.suschko.de\\\/en\\\/\",\"name\":\"Suschko H\u00f6rger\u00e4te\",\"description\":\"\",\"potentialAction\":[{\"@type\":\"SearchAction\",\"target\":{\"@type\":\"EntryPoint\",\"urlTemplate\":\"https:\\\/\\\/www.suschko.de\\\/en\\\/?s={search_term_string}\"},\"query-input\":{\"@type\":\"PropertyValueSpecification\",\"valueRequired\":true,\"valueName\":\"search_term_string\"}}],\"inLanguage\":\"en-US\"}]}<\/script>\n<!-- \/ Yoast SEO plugin. -->","yoast_head_json":{"title":"Make an Appointment | Suschko H\u00f6rger\u00e4te","robots":{"index":"noindex","follow":"nofollow"},"og_locale":"en_US","og_type":"article","og_title":"Make an Appointment | Suschko H\u00f6rger\u00e4te","og_description":"Jetzt einen Termin vereinbaren! Filiale Berg am Starnberger See Termin vereinbaren Filiale Bogenhausen \/ Denning [&hellip;]","og_url":"https:\/\/www.suschko.de\/en\/make-an-appointment\/","og_site_name":"Suschko H\u00f6rger\u00e4te","article_modified_time":"2026-01-30T15:12:03+00:00","twitter_card":"summary_large_image","twitter_misc":{"Est. reading time":"1 minute"},"schema":{"@context":"https:\/\/schema.org","@graph":[{"@type":"WebPage","@id":"https:\/\/www.suschko.de\/en\/make-an-appointment\/","url":"https:\/\/www.suschko.de\/en\/make-an-appointment\/","name":"Make an Appointment | Suschko H\u00f6rger\u00e4te","isPartOf":{"@id":"https:\/\/www.suschko.de\/en\/#website"},"datePublished":"2023-12-12T10:20:17+00:00","dateModified":"2026-01-30T15:12:03+00:00","breadcrumb":{"@id":"https:\/\/www.suschko.de\/en\/make-an-appointment\/#breadcrumb"},"inLanguage":"en-US","potentialAction":[{"@type":"ReadAction","target":["https:\/\/www.suschko.de\/en\/make-an-appointment\/"]}]},{"@type":"BreadcrumbList","@id":"https:\/\/www.suschko.de\/en\/make-an-appointment\/#breadcrumb","itemListElement":[{"@type":"ListItem","position":1,"name":"Startseite","item":"https:\/\/www.suschko.de\/en\/"},{"@type":"ListItem","position":2,"name":"Make an Appointment"}]},{"@type":"WebSite","@id":"https:\/\/www.suschko.de\/en\/#website","url":"https:\/\/www.suschko.de\/en\/","name":"Suschko H\u00f6rger\u00e4te","description":"","potentialAction":[{"@type":"SearchAction","target":{"@type":"EntryPoint","urlTemplate":"https:\/\/www.suschko.de\/en\/?s={search_term_string}"},"query-input":{"@type":"PropertyValueSpecification","valueRequired":true,"valueName":"search_term_string"}}],"inLanguage":"en-US"}]}},"_links":{"self":[{"href":"https:\/\/www.suschko.de\/en\/wp-json\/wp\/v2\/pages\/9202","targetHints":{"allow":["GET"]}}],"collection":[{"href":"https:\/\/www.suschko.de\/en\/wp-json\/wp\/v2\/pages"}],"about":[{"href":"https:\/\/www.suschko.de\/en\/wp-json\/wp\/v2\/types\/page"}],"author":[{"embeddable":true,"href":"https:\/\/www.suschko.de\/en\/wp-json\/wp\/v2\/users\/1"}],"replies":[{"embeddable":true,"href":"https:\/\/www.suschko.de\/en\/wp-json\/wp\/v2\/comments?post=9202"}],"version-history":[{"count":10,"href":"https:\/\/www.suschko.de\/en\/wp-json\/wp\/v2\/pages\/9202\/revisions"}],"predecessor-version":[{"id":10140,"href":"https:\/\/www.suschko.de\/en\/wp-json\/wp\/v2\/pages\/9202\/revisions\/10140"}],"wp:attachment":[{"href":"https:\/\/www.suschko.de\/en\/wp-json\/wp\/v2\/media?parent=9202"}],"curies":[{"name":"wp","href":"https:\/\/api.w.org\/{rel}","templated":true}]}}